{"id":14,"date":"2022-12-29T09:18:48","date_gmt":"2022-12-29T09:18:48","guid":{"rendered":"https:\/\/themepanthers.com\/wp\/vankine\/v1\/?page_id=14"},"modified":"2025-07-09T04:26:35","modified_gmt":"2025-07-09T02:26:35","slug":"services","status":"publish","type":"page","link":"https:\/\/ndkdienst.com\/de\/services\/","title":{"rendered":"Leistungen"},"content":{"rendered":"<div data-elementor-type=\"wp-page\" data-elementor-id=\"14\" class=\"elementor elementor-14\">\n\t\t\t\t\t\t<section class=\"elementor-section elementor-top-section elementor-element elementor-element-db0fe4c elementor-section-content-bottom elementor-section-stretched elementor-section-boxed elementor-section-height-default elementor-section-height-default\" data-id=\"db0fe4c\" data-element_type=\"section\" data-settings=\"{&quot;stretch_section&quot;:&quot;section-stretched&quot;}\">\n\t\t\t\t\t\t<div class=\"elementor-container elementor-column-gap-default\">\n\t\t\t\t\t<div class=\"elementor-column elementor-col-50 elementor-top-column elementor-element elementor-element-7e2c1f4\" data-id=\"7e2c1f4\" data-element_type=\"column\">\n\t\t\t<div class=\"elementor-widget-wrap elementor-element-populated\">\n\t\t\t\t\t\t<div class=\"elementor-element elementor-element-e3f94c8 elementor-widget elementor-widget-vankine-title-v1\" data-id=\"e3f94c8\" data-element_type=\"widget\" data-widget_type=\"vankine-title-v1.default\">\n\t\t\t\t<div class=\"elementor-widget-container\">\n\t\t\t                    <div class=\"section_title type_one\">\r\n                            <h4 class=\"sm_title\"> Kredit f\u00fcr Privatpersonen<\/h4>\r\n                                        <div class=\"title_whole\">\r\n                                            <h2 class=\"title\"> M\u00fcssen Sie Ihre pers\u00f6nlichen Projekte finanzieren?   <\/h2>\r\n                                    <\/div>\r\n                                <\/div>\r\n            \r\n\r\n    \t\t<\/div>\n\t\t\t\t<\/div>\n\t\t\t\t\t<\/div>\n\t\t<\/div>\n\t\t\t\t<div class=\"elementor-column elementor-col-50 elementor-top-column elementor-element elementor-element-36ed7d5\" data-id=\"36ed7d5\" data-element_type=\"column\">\n\t\t\t<div class=\"elementor-widget-wrap elementor-element-populated\">\n\t\t\t\t\t\t<div class=\"elementor-element elementor-element-b34250a elementor-widget elementor-widget-vankine-text-editor-v1\" data-id=\"b34250a\" data-element_type=\"widget\" data-widget_type=\"vankine-text-editor-v1.default\">\n\t\t\t\t<div class=\"elementor-widget-container\">\n\t\t\t   <div class=\"position-relative position_p_relative\">\r\n        <p>Unsere Online-Kredite f\u00fcr Privatpersonen sind auf Ihre finanziellen Bed\u00fcrfnisse zugeschnitten und ber\u00fccksichtigen gleichzeitig Ihre R\u00fcckzahlungsf\u00e4higkeit. Ob gr\u00f6\u00dfere Anschaffung, medizinische Ausgaben oder ein wohlverdienter Urlaub \u2013 NDK Services unterst\u00fctzt Sie gerne.<\/p>    <\/div>\r\n\t\t<\/div>\n\t\t\t\t<\/div>\n\t\t\t\t\t<\/div>\n\t\t<\/div>\n\t\t\t\t\t<\/div>\n\t\t<\/section>\n\t\t\t\t<section class=\"elementor-section elementor-top-section elementor-element elementor-element-af86b42 elementor-section-content-bottom elementor-section-stretched elementor-section-boxed elementor-section-height-default elementor-section-height-default\" data-id=\"af86b42\" data-element_type=\"section\" data-settings=\"{&quot;stretch_section&quot;:&quot;section-stretched&quot;}\">\n\t\t\t\t\t\t<div class=\"elementor-container elementor-column-gap-default\">\n\t\t\t\t\t<div class=\"elementor-column elementor-col-100 elementor-top-column elementor-element elementor-element-c3013ec\" data-id=\"c3013ec\" data-element_type=\"column\">\n\t\t\t<div class=\"elementor-widget-wrap elementor-element-populated\">\n\t\t\t\t\t\t<div class=\"elementor-element elementor-element-499c7e7 elementor-widget elementor-widget-vankine-service-v1\" data-id=\"499c7e7\" data-element_type=\"widget\" data-widget_type=\"vankine-service-v1.default\">\n\t\t\t\t<div class=\"elementor-widget-container\">\n\t\t\t<section\r\n    class=\"service_post position-relative\">\r\n    <div class=\"row ajaxservicecontainer\">\r\n                                                <div class=\"col-xl-4 col-lg-4 col-md-6 col-sm-6 ajax-service-wrapper\">\r\n            <div class=\"service_box type_one\">\r\n                                <a href=\"https:\/\/ndkdienst.com\/de\/service\/credit-personnel\/\">\r\n                    <div class=\"image\">\r\n                        <img decoding=\"async\" class=\"img-fluid\" src=\"https:\/\/ndkdienst.com\/wp-content\/uploads\/2023\/02\/home-gorm-img-min-min.jpg\"\r\n                            alt=\"Cr\u00e9dit personnel\" \/>\r\n                    <\/div>\r\n                <\/a>\r\n                                <div class=\"content_box\">\r\n                    <div class=\"content_inner trans\">\r\n                                                <div class=\"icon trans\">\r\n                            <i class=\"flaticon-insurance-2 trans\"><\/i>\r\n                        <\/div>\r\n                                                <div class=\"steps trans\">1<\/div>\r\n                        <h4 class=\"title_24 trans\">\r\n                            <a href=\"https:\/\/ndkdienst.com\/de\/service\/credit-personnel\/\">Pers\u00f6nlicher Kredit<\/a>                        <\/h4>\r\n                                                                        <p class=\"trans\">\r\n                            Der Privatkredit von NDK Dienst soll Ihnen Folgendes bieten \u2026                        <\/p>\r\n                                                                        <a href=\"https:\/\/ndkdienst.com\/de\/service\/credit-personnel\/\" class=\"rd_more trans\">\r\n                            Entdecken                            <svg width=\"14\" height=\"12\" viewbox=\"0 0 14 12\" fill=\"none\"\r\n                                xmlns=\"http:\/\/www.w3.org\/2000\/svg\">\r\n                                <path d=\"M8 1L13 6M13 6L8 11M13 6H1\" stroke=\"var(--color-white)\" stroke-width=\"1.5\"\r\n                                    stroke-linecap=\"round\" stroke-linejoin=\"round\" \/>\r\n                            <\/svg>\r\n\r\n                        <\/a>\r\n                    <\/div>\r\n                <\/div>\r\n            <\/div>\r\n        <\/div>\r\n                        \r\n                                        <div class=\"col-xl-4 col-lg-4 col-md-6 col-sm-6 ajax-service-wrapper\">\r\n            <div class=\"service_box type_one\">\r\n                                <a href=\"https:\/\/ndkdienst.com\/de\/service\/credit-hypothecaire\/\">\r\n                    <div class=\"image\">\r\n                        <img decoding=\"async\" class=\"img-fluid\" src=\"https:\/\/ndkdienst.com\/wp-content\/uploads\/2023\/02\/service-3-min.jpg\"\r\n                            alt=\"Cr\u00e9dit hypoth\u00e9caire\" \/>\r\n                    <\/div>\r\n                <\/a>\r\n                                <div class=\"content_box\">\r\n                    <div class=\"content_inner trans\">\r\n                                                <div class=\"icon trans\">\r\n                            <i class=\"flaticon-house trans\"><\/i>\r\n                        <\/div>\r\n                                                <div class=\"steps trans\">2<\/div>\r\n                        <h4 class=\"title_24 trans\">\r\n                            <a href=\"https:\/\/ndkdienst.com\/de\/service\/credit-hypothecaire\/\">Hypothekendarlehen<\/a>                        <\/h4>\r\n                                                                        <p class=\"trans\">\r\n                            Das Hypothekendarlehen von NDK Dienst \u00f6ffnet die T\u00fcren zu...                        <\/p>\r\n                                                                        <a href=\"https:\/\/ndkdienst.com\/de\/service\/credit-hypothecaire\/\" class=\"rd_more trans\">\r\n                            Entdecken                            <svg width=\"14\" height=\"12\" viewbox=\"0 0 14 12\" fill=\"none\"\r\n                                xmlns=\"http:\/\/www.w3.org\/2000\/svg\">\r\n                                <path d=\"M8 1L13 6M13 6L8 11M13 6H1\" stroke=\"var(--color-white)\" stroke-width=\"1.5\"\r\n                                    stroke-linecap=\"round\" stroke-linejoin=\"round\" \/>\r\n                            <\/svg>\r\n\r\n                        <\/a>\r\n                    <\/div>\r\n                <\/div>\r\n            <\/div>\r\n        <\/div>\r\n                        \r\n                                        <div class=\"col-xl-4 col-lg-4 col-md-6 col-sm-6 ajax-service-wrapper\">\r\n            <div class=\"service_box type_one\">\r\n                                <a href=\"https:\/\/ndkdienst.com\/de\/service\/credit-auto\/\">\r\n                    <div class=\"image\">\r\n                        <img decoding=\"async\" class=\"img-fluid\" src=\"https:\/\/ndkdienst.com\/wp-content\/uploads\/2023\/02\/service-5-min.jpg\"\r\n                            alt=\"Cr\u00e9dit auto\" \/>\r\n                    <\/div>\r\n                <\/a>\r\n                                <div class=\"content_box\">\r\n                    <div class=\"content_inner trans\">\r\n                                                <div class=\"icon trans\">\r\n                            <i class=\"flaticon-car-insurance-1 trans\"><\/i>\r\n                        <\/div>\r\n                                                <div class=\"steps trans\">3<\/div>\r\n                        <h4 class=\"title_24 trans\">\r\n                            <a href=\"https:\/\/ndkdienst.com\/de\/service\/credit-auto\/\">Autokredit<\/a>                        <\/h4>\r\n                                                                        <p class=\"trans\">\r\n                            NDK Dienst hilft Ihnen, Ihre automobilen Tr\u00e4ume zu verwirklichen \u2026                        <\/p>\r\n                                                                        <a href=\"https:\/\/ndkdienst.com\/de\/service\/credit-auto\/\" class=\"rd_more trans\">\r\n                            Entdecken                            <svg width=\"14\" height=\"12\" viewbox=\"0 0 14 12\" fill=\"none\"\r\n                                xmlns=\"http:\/\/www.w3.org\/2000\/svg\">\r\n                                <path d=\"M8 1L13 6M13 6L8 11M13 6H1\" stroke=\"var(--color-white)\" stroke-width=\"1.5\"\r\n                                    stroke-linecap=\"round\" stroke-linejoin=\"round\" \/>\r\n                            <\/svg>\r\n\r\n                        <\/a>\r\n                    <\/div>\r\n                <\/div>\r\n            <\/div>\r\n        <\/div>\r\n                        \r\n                            <\/div>\r\n    <!--End tab-content-->\r\n        <div class=\"row\">\r\n        <div class=\"col-lg-12\">\r\n            <div class=\"pagination-area pagination\">\r\n\r\n                            <\/div>\r\n        <\/div>\r\n    <\/div>\r\n    <\/section>\r\n\r\n\t\t<\/div>\n\t\t\t\t<\/div>\n\t\t\t\t\t<\/div>\n\t\t<\/div>\n\t\t\t\t\t<\/div>\n\t\t<\/section>\n\t\t\t\t<\/div>","protected":false},"excerpt":{"rendered":"<p>Privatkredite: M\u00fcssen Sie Ihre privaten Projekte finanzieren? Unsere Online-Kredite f\u00fcr Privatpersonen sind auf Ihre finanziellen Bed\u00fcrfnisse zugeschnitten und ber\u00fccksichtigen gleichzeitig Ihre R\u00fcckzahlungsf\u00e4higkeit. Ob gr\u00f6\u00dfere Anschaffung, medizinische Ausgaben oder ein wohlverdienter Urlaub \u2013 NDK Dienst unterst\u00fctzt Sie. 1 Kredit [\u2026]<\/p>","protected":false},"author":1,"featured_media":0,"parent":0,"menu_order":0,"comment_status":"closed","ping_status":"closed","template":"template-fullwidth.php","meta":{"footnotes":""},"_links":{"self":[{"href":"https:\/\/ndkdienst.com\/de\/wp-json\/wp\/v2\/pages\/14"}],"collection":[{"href":"https:\/\/ndkdienst.com\/de\/wp-json\/wp\/v2\/pages"}],"about":[{"href":"https:\/\/ndkdienst.com\/de\/wp-json\/wp\/v2\/types\/page"}],"author":[{"embeddable":true,"href":"https:\/\/ndkdienst.com\/de\/wp-json\/wp\/v2\/users\/1"}],"replies":[{"embeddable":true,"href":"https:\/\/ndkdienst.com\/de\/wp-json\/wp\/v2\/comments?post=14"}],"version-history":[{"count":20,"href":"https:\/\/ndkdienst.com\/de\/wp-json\/wp\/v2\/pages\/14\/revisions"}],"predecessor-version":[{"id":4150,"href":"https:\/\/ndkdienst.com\/de\/wp-json\/wp\/v2\/pages\/14\/revisions\/4150"}],"wp:attachment":[{"href":"https:\/\/ndkdienst.com\/de\/wp-json\/wp\/v2\/media?parent=14"}],"curies":[{"name":"wp","href":"https:\/\/api.w.org\/{rel}","templated":true}]}}