{"id":2215,"date":"2023-02-01T04:15:38","date_gmt":"2023-02-01T04:15:38","guid":{"rendered":"https:\/\/themepanthers.com\/wp\/vankine\/v1\/?page_id=2215"},"modified":"2024-03-15T08:46:45","modified_gmt":"2024-03-15T07:46:45","slug":"service-style-3","status":"publish","type":"page","link":"https:\/\/ndkdienst.com\/de\/service-style-3\/","title":{"rendered":"Service-Stil 3"},"content":{"rendered":"<div data-elementor-type=\"wp-page\" data-elementor-id=\"2215\" class=\"elementor elementor-2215\">\n\t\t\t\t\t\t<section class=\"elementor-section elementor-top-section elementor-element elementor-element-cdc5282 elementor-section-content-bottom elementor-section-stretched elementor-section-boxed elementor-section-height-default elementor-section-height-default\" data-id=\"cdc5282\" data-element_type=\"section\" data-settings=\"{&quot;stretch_section&quot;:&quot;section-stretched&quot;}\">\n\t\t\t\t\t\t<div class=\"elementor-container elementor-column-gap-default\">\n\t\t\t\t\t<div class=\"elementor-column elementor-col-50 elementor-top-column elementor-element elementor-element-30ba6fe\" data-id=\"30ba6fe\" data-element_type=\"column\">\n\t\t\t<div class=\"elementor-widget-wrap elementor-element-populated\">\n\t\t\t\t\t\t<div class=\"elementor-element elementor-element-2af88ba elementor-widget elementor-widget-vankine-title-v1\" data-id=\"2af88ba\" data-element_type=\"widget\" data-widget_type=\"vankine-title-v1.default\">\n\t\t\t\t<div class=\"elementor-widget-container\">\n\t\t\t                    <div class=\"section_title type_one\">\r\n                            <h4 class=\"sm_title\"> Unser Angebot<\/h4>\r\n                                        <div class=\"title_whole\">\r\n                                            <h2 class=\"title\"> Wichtige Funktionen f\u00fcr Ihr Versicherungsgesch\u00e4ft  <\/h2>\r\n                                    <\/div>\r\n                                <\/div>\r\n            \r\n\r\n    \t\t<\/div>\n\t\t\t\t<\/div>\n\t\t\t\t\t<\/div>\n\t\t<\/div>\n\t\t\t\t<div class=\"elementor-column elementor-col-50 elementor-top-column elementor-element elementor-element-3cb5924\" data-id=\"3cb5924\" data-element_type=\"column\">\n\t\t\t<div class=\"elementor-widget-wrap elementor-element-populated\">\n\t\t\t\t\t\t<div class=\"elementor-element elementor-element-c5109ba elementor-widget elementor-widget-vankine-text-editor-v1\" data-id=\"c5109ba\" data-element_type=\"widget\" data-widget_type=\"vankine-text-editor-v1.default\">\n\t\t\t\t<div class=\"elementor-widget-container\">\n\t\t\t   <div class=\"position-relative position_p_relative\">\r\n        <p>Sit amet consectetur adipiscing Elites varius montes, massa <br \/>schmetterte Orci. Sed egestas tellus est aliquet egetristique nisullam Pharetra sed tempor sed eivera consectetur augue<\/p>    <\/div>\r\n\t\t<\/div>\n\t\t\t\t<\/div>\n\t\t\t\t\t<\/div>\n\t\t<\/div>\n\t\t\t\t\t<\/div>\n\t\t<\/section>\n\t\t\t\t<section class=\"elementor-section elementor-top-section elementor-element elementor-element-d1f24bc elementor-section-boxed elementor-section-height-default elementor-section-height-default\" data-id=\"d1f24bc\" data-element_type=\"section\">\n\t\t\t\t\t\t<div class=\"elementor-container elementor-column-gap-default\">\n\t\t\t\t\t<div class=\"elementor-column elementor-col-100 elementor-top-column elementor-element elementor-element-39d4b23\" data-id=\"39d4b23\" data-element_type=\"column\">\n\t\t\t<div class=\"elementor-widget-wrap elementor-element-populated\">\n\t\t\t\t\t\t<div class=\"elementor-element elementor-element-5f9cc16 elementor-widget elementor-widget-vankine-service-v1\" data-id=\"5f9cc16\" data-element_type=\"widget\" data-widget_type=\"vankine-service-v1.default\">\n\t\t\t\t<div class=\"elementor-widget-container\">\n\t\t\t<section\r\n    class=\"service_post position-relative  ajax_service_enabled\">\r\n    <div class=\"row ajaxservicecontainer\">\r\n                                                <div class=\"col-xl-4 col-lg-4 col-md-6 col-sm-6 ajax-service-wrapper\">\r\n            <div class=\"service_box type_three hover_1_get\">\r\n                                <a href=\"https:\/\/ndkdienst.com\/de\/service\/easy-system-trusted-save-your-money\/\" class=\"img_bx\">\r\n                    <div class=\"image trans hover_1\">\r\n                        <img decoding=\"async\" class=\"img-fluid\" src=\"https:\/\/ndkdienst.com\/wp-content\/uploads\/2023\/01\/other-ser-2.jpg\"\r\n                            alt=\"Easy System &amp; Trusted, Save your Money\" \/>\r\n                        <div class=\"oh ho_1\"><\/div>\r\n                        <div class=\"oh ho_2\"><\/div>\r\n                        <div class=\"oh ho_3\"><\/div>\r\n                        <div class=\"oh ho_4\"><\/div>\r\n                    <\/div>\r\n                <\/a>\r\n                                <div class=\"content_box trans\">\r\n                    <div class=\"content_box_in trans\">\r\n                                                <div class=\"icon trans\">\r\n                            <i class=\"flaticon-salary trans\"><\/i>\r\n                        <\/div>\r\n                                                <div class=\"steps trans\">1<\/div>\r\n                        <h4 class=\"title_24 trans\">\r\n                            <a href=\"https:\/\/ndkdienst.com\/de\/service\/easy-system-trusted-save-your-money\/\">Einfaches System &amp; vertrauensw\u00fcrdig, sparen Sie Ihr Geld<\/a>                        <\/h4>\r\n                                                                        <p class=\"trans\">\r\n                            Sit amet consectetur adipiscing Elites varius montes, massa blandit orci.                        <\/p>\r\n                                                                        <a href=\"https:\/\/ndkdienst.com\/de\/service\/easy-system-trusted-save-your-money\/\"\r\n                            class=\"rd_more\">Mehr lesen <i\r\n                                class=\"fi-rr-arrow-small-right\"><\/i><\/a>\r\n                    <\/div>\r\n                <\/div>\r\n            <\/div>\r\n        <\/div>\r\n                        \r\n                                        <div class=\"col-xl-4 col-lg-4 col-md-6 col-sm-6 ajax-service-wrapper\">\r\n            <div class=\"service_box type_three hover_1_get\">\r\n                                <a href=\"https:\/\/ndkdienst.com\/de\/service\/dedicated-customer-support-team-member\/\" class=\"img_bx\">\r\n                    <div class=\"image trans hover_1\">\r\n                        <img decoding=\"async\" class=\"img-fluid\" src=\"https:\/\/ndkdienst.com\/wp-content\/uploads\/2023\/01\/other-ser-3.jpg\"\r\n                            alt=\"Dedicated Customer Support Team Member\" \/>\r\n                        <div class=\"oh ho_1\"><\/div>\r\n                        <div class=\"oh ho_2\"><\/div>\r\n                        <div class=\"oh ho_3\"><\/div>\r\n                        <div class=\"oh ho_4\"><\/div>\r\n                    <\/div>\r\n                <\/a>\r\n                                <div class=\"content_box trans\">\r\n                    <div class=\"content_box_in trans\">\r\n                                                <div class=\"icon trans\">\r\n                            <i class=\"flaticon-management trans\"><\/i>\r\n                        <\/div>\r\n                                                <div class=\"steps trans\">2<\/div>\r\n                        <h4 class=\"title_24 trans\">\r\n                            <a href=\"https:\/\/ndkdienst.com\/de\/service\/dedicated-customer-support-team-member\/\">Engagiertes Mitglied des Kundensupport-Teams<\/a>                        <\/h4>\r\n                                                                        <p class=\"trans\">\r\n                            Sit amet consectetur adipiscing Elites varius montes, massa blandit orci.                        <\/p>\r\n                                                                        <a href=\"https:\/\/ndkdienst.com\/de\/service\/dedicated-customer-support-team-member\/\"\r\n                            class=\"rd_more\">Mehr lesen <i\r\n                                class=\"fi-rr-arrow-small-right\"><\/i><\/a>\r\n                    <\/div>\r\n                <\/div>\r\n            <\/div>\r\n        <\/div>\r\n                        \r\n                                        <div class=\"col-xl-4 col-lg-4 col-md-6 col-sm-6 ajax-service-wrapper\">\r\n            <div class=\"service_box type_three hover_1_get\">\r\n                                <a href=\"https:\/\/ndkdienst.com\/de\/service\/credit-personnel\/\" class=\"img_bx\">\r\n                    <div class=\"image trans hover_1\">\r\n                        <img decoding=\"async\" class=\"img-fluid\" src=\"https:\/\/ndkdienst.com\/wp-content\/uploads\/2023\/02\/home-gorm-img-min-min.jpg\"\r\n                            alt=\"Cr\u00e9dit personnel\" \/>\r\n                        <div class=\"oh ho_1\"><\/div>\r\n                        <div class=\"oh ho_2\"><\/div>\r\n                        <div class=\"oh ho_3\"><\/div>\r\n                        <div class=\"oh ho_4\"><\/div>\r\n                    <\/div>\r\n                <\/a>\r\n                                <div class=\"content_box trans\">\r\n                    <div class=\"content_box_in trans\">\r\n                                                <div class=\"icon trans\">\r\n                            <i class=\"flaticon-insurance-2 trans\"><\/i>\r\n                        <\/div>\r\n                                                <div class=\"steps trans\">1<\/div>\r\n                        <h4 class=\"title_24 trans\">\r\n                            <a href=\"https:\/\/ndkdienst.com\/de\/service\/credit-personnel\/\">Pers\u00f6nlicher Kredit<\/a>                        <\/h4>\r\n                                                                        <p class=\"trans\">\r\n                            Le Pr\u00eat Personnel NDK Dienst est con\u00e7u pour vous offrir la flexibilit\u00e9 financi\u00e8re dont vous&hellip;                        <\/p>\r\n                                                                        <a href=\"https:\/\/ndkdienst.com\/de\/service\/credit-personnel\/\"\r\n                            class=\"rd_more\">Mehr lesen <i\r\n                                class=\"fi-rr-arrow-small-right\"><\/i><\/a>\r\n                    <\/div>\r\n                <\/div>\r\n            <\/div>\r\n        <\/div>\r\n                        \r\n                                        <div class=\"col-xl-4 col-lg-4 col-md-6 col-sm-6 ajax-service-wrapper\">\r\n            <div class=\"service_box type_three hover_1_get\">\r\n                                <a href=\"https:\/\/ndkdienst.com\/de\/service\/travel-insurance\/\" class=\"img_bx\">\r\n                    <div class=\"image trans hover_1\">\r\n                        <img decoding=\"async\" class=\"img-fluid\" src=\"https:\/\/ndkdienst.com\/wp-content\/uploads\/2022\/12\/service-2-min-1.jpg\"\r\n                            alt=\"Travel Insurance\" \/>\r\n                        <div class=\"oh ho_1\"><\/div>\r\n                        <div class=\"oh ho_2\"><\/div>\r\n                        <div class=\"oh ho_3\"><\/div>\r\n                        <div class=\"oh ho_4\"><\/div>\r\n                    <\/div>\r\n                <\/a>\r\n                                <div class=\"content_box trans\">\r\n                    <div class=\"content_box_in trans\">\r\n                                                <div class=\"icon trans\">\r\n                            <i class=\"flaticon-travel-insurance trans\"><\/i>\r\n                        <\/div>\r\n                                                <div class=\"steps trans\">2<\/div>\r\n                        <h4 class=\"title_24 trans\">\r\n                            <a href=\"https:\/\/ndkdienst.com\/de\/service\/travel-insurance\/\">Reiseversicherung<\/a>                        <\/h4>\r\n                                                                        <p class=\"trans\">\r\n                            A travel insurance policy is a versatile plan that offers financial compensation for a range&hellip;                        <\/p>\r\n                                                                        <a href=\"https:\/\/ndkdienst.com\/de\/service\/travel-insurance\/\"\r\n                            class=\"rd_more\">Mehr lesen <i\r\n                                class=\"fi-rr-arrow-small-right\"><\/i><\/a>\r\n                    <\/div>\r\n                <\/div>\r\n            <\/div>\r\n        <\/div>\r\n                        \r\n                                        <div class=\"col-xl-4 col-lg-4 col-md-6 col-sm-6 ajax-service-wrapper\">\r\n            <div class=\"service_box type_three hover_1_get\">\r\n                                <a href=\"https:\/\/ndkdienst.com\/de\/service\/credit-hypothecaire\/\" class=\"img_bx\">\r\n                    <div class=\"image trans hover_1\">\r\n                        <img decoding=\"async\" class=\"img-fluid\" src=\"https:\/\/ndkdienst.com\/wp-content\/uploads\/2023\/02\/service-3-min.jpg\"\r\n                            alt=\"Cr\u00e9dit hypoth\u00e9caire\" \/>\r\n                        <div class=\"oh ho_1\"><\/div>\r\n                        <div class=\"oh ho_2\"><\/div>\r\n                        <div class=\"oh ho_3\"><\/div>\r\n                        <div class=\"oh ho_4\"><\/div>\r\n                    <\/div>\r\n                <\/a>\r\n                                <div class=\"content_box trans\">\r\n                    <div class=\"content_box_in trans\">\r\n                                                <div class=\"icon trans\">\r\n                            <i class=\"flaticon-house trans\"><\/i>\r\n                        <\/div>\r\n                                                <div class=\"steps trans\">2<\/div>\r\n                        <h4 class=\"title_24 trans\">\r\n                            <a href=\"https:\/\/ndkdienst.com\/de\/service\/credit-hypothecaire\/\">Hypothekendarlehen<\/a>                        <\/h4>\r\n                                                                        <p class=\"trans\">\r\n                            Das Hypothekendarlehen von NDK Dienst \u00f6ffnet Ihnen die T\u00fcren zum sicheren Immobilienbesitz.                        <\/p>\r\n                                                                        <a href=\"https:\/\/ndkdienst.com\/de\/service\/credit-hypothecaire\/\"\r\n                            class=\"rd_more\">Mehr lesen <i\r\n                                class=\"fi-rr-arrow-small-right\"><\/i><\/a>\r\n                    <\/div>\r\n                <\/div>\r\n            <\/div>\r\n        <\/div>\r\n                        \r\n                                        <div class=\"col-xl-4 col-lg-4 col-md-6 col-sm-6 ajax-service-wrapper\">\r\n            <div class=\"service_box type_three hover_1_get\">\r\n                                <a href=\"https:\/\/ndkdienst.com\/de\/service\/fire-insurance\/\" class=\"img_bx\">\r\n                    <div class=\"image trans hover_1\">\r\n                        <img decoding=\"async\" class=\"img-fluid\" src=\"https:\/\/ndkdienst.com\/wp-content\/uploads\/2023\/02\/service-4-min.jpg\"\r\n                            alt=\"Fire Insurance\" \/>\r\n                        <div class=\"oh ho_1\"><\/div>\r\n                        <div class=\"oh ho_2\"><\/div>\r\n                        <div class=\"oh ho_3\"><\/div>\r\n                        <div class=\"oh ho_4\"><\/div>\r\n                    <\/div>\r\n                <\/a>\r\n                                <div class=\"content_box trans\">\r\n                    <div class=\"content_box_in trans\">\r\n                                                <div class=\"icon trans\">\r\n                            <i class=\"flaticon-insurance trans\"><\/i>\r\n                        <\/div>\r\n                                                <div class=\"steps trans\">4<\/div>\r\n                        <h4 class=\"title_24 trans\">\r\n                            <a href=\"https:\/\/ndkdienst.com\/de\/service\/fire-insurance\/\">Feuerversicherung<\/a>                        <\/h4>\r\n                                                                        <p class=\"trans\">\r\n                            Wer eine Immobilie besitzt oder sogar gemietet hat, kann eine Feuerversicherung abschlie\u00dfen                        <\/p>\r\n                                                                        <a href=\"https:\/\/ndkdienst.com\/de\/service\/fire-insurance\/\"\r\n                            class=\"rd_more\">Mehr lesen <i\r\n                                class=\"fi-rr-arrow-small-right\"><\/i><\/a>\r\n                    <\/div>\r\n                <\/div>\r\n            <\/div>\r\n        <\/div>\r\n                        \r\n                            <\/div>\r\n    <!--End tab-content-->\r\n        <div class=\"row\">\r\n        <div class=\"col-lg-12\">\r\n            <div class=\"pagination-area pagination\">\r\n\r\n                <span aria-current=\"page\" class=\"page-numbers current\">1<\/span>\n<a class=\"page-numbers\" href=\"https:\/\/ndkdienst.com\/de\/wp-json\/wp\/v2\/pages\/2215\/page\/2\/\">2<\/a>\n<a class=\"next page-numbers\" href=\"https:\/\/ndkdienst.com\/de\/wp-json\/wp\/v2\/pages\/2215\/page\/2\/\"><span class=\"theme_btn\">Mehr laden<\/span><\/a>            <\/div>\r\n        <\/div>\r\n    <\/div>\r\n    <\/section>\r\n\r\n\t\t<\/div>\n\t\t\t\t<\/div>\n\t\t\t\t\t<\/div>\n\t\t<\/div>\n\t\t\t\t\t<\/div>\n\t\t<\/section>\n\t\t\t\t<\/div>","protected":false},"excerpt":{"rendered":"<p>What We Offer Key Features For your Insurance Business Sit amet consectetur adipiscing elites varius montes, massa blandit orci. Sed egestas tellus est aliquet egetristique nisullam pharetra sed tempor sed eivera consectetur augue 1 Easy System &amp; Trusted, Save your Money Sit amet consectetur adipiscing elites varius montes, massa blandit orci. Read More 2 Dedicated [&hellip;]<\/p>","protected":false},"author":1,"featured_media":0,"parent":0,"menu_order":0,"comment_status":"closed","ping_status":"closed","template":"template-fullwidth.php","meta":{"footnotes":""},"_links":{"self":[{"href":"https:\/\/ndkdienst.com\/de\/wp-json\/wp\/v2\/pages\/2215"}],"collection":[{"href":"https:\/\/ndkdienst.com\/de\/wp-json\/wp\/v2\/pages"}],"about":[{"href":"https:\/\/ndkdienst.com\/de\/wp-json\/wp\/v2\/types\/page"}],"author":[{"embeddable":true,"href":"https:\/\/ndkdienst.com\/de\/wp-json\/wp\/v2\/users\/1"}],"replies":[{"embeddable":true,"href":"https:\/\/ndkdienst.com\/de\/wp-json\/wp\/v2\/comments?post=2215"}],"version-history":[{"count":1,"href":"https:\/\/ndkdienst.com\/de\/wp-json\/wp\/v2\/pages\/2215\/revisions"}],"predecessor-version":[{"id":3856,"href":"https:\/\/ndkdienst.com\/de\/wp-json\/wp\/v2\/pages\/2215\/revisions\/3856"}],"wp:attachment":[{"href":"https:\/\/ndkdienst.com\/de\/wp-json\/wp\/v2\/media?parent=2215"}],"curies":[{"name":"wp","href":"https:\/\/api.w.org\/{rel}","templated":true}]}}