{"id":2220,"date":"2023-02-01T04:17:36","date_gmt":"2023-02-01T04:17:36","guid":{"rendered":"https:\/\/themepanthers.com\/wp\/vankine\/v1\/?page_id=2220"},"modified":"2023-02-01T04:17:36","modified_gmt":"2023-02-01T04:17:36","slug":"service-style-4","status":"publish","type":"page","link":"https:\/\/ndkdienst.com\/de\/service-style-4\/","title":{"rendered":"Service-Stil 4"},"content":{"rendered":"<div data-elementor-type=\"wp-page\" data-elementor-id=\"2220\" class=\"elementor elementor-2220\">\n\t\t\t\t\t\t<section class=\"elementor-section elementor-top-section elementor-element elementor-element-83ffcbb elementor-section-content-bottom elementor-section-stretched elementor-section-boxed elementor-section-height-default elementor-section-height-default\" data-id=\"83ffcbb\" data-element_type=\"section\" data-settings=\"{&quot;stretch_section&quot;:&quot;section-stretched&quot;}\">\n\t\t\t\t\t\t<div class=\"elementor-container elementor-column-gap-default\">\n\t\t\t\t\t<div class=\"elementor-column elementor-col-50 elementor-top-column elementor-element elementor-element-f10b3cf\" data-id=\"f10b3cf\" data-element_type=\"column\">\n\t\t\t<div class=\"elementor-widget-wrap elementor-element-populated\">\n\t\t\t\t\t\t<div class=\"elementor-element elementor-element-d372614 elementor-widget elementor-widget-vankine-title-v1\" data-id=\"d372614\" data-element_type=\"widget\" data-widget_type=\"vankine-title-v1.default\">\n\t\t\t\t<div class=\"elementor-widget-container\">\n\t\t\t                    <div class=\"section_title type_one\">\r\n                            <h4 class=\"sm_title\"> Unser Angebot<\/h4>\r\n                                        <div class=\"title_whole\">\r\n                                            <h2 class=\"title\"> Wichtige Funktionen f\u00fcr Ihr Versicherungsgesch\u00e4ft  <\/h2>\r\n                                    <\/div>\r\n                                <\/div>\r\n            \r\n\r\n    \t\t<\/div>\n\t\t\t\t<\/div>\n\t\t\t\t\t<\/div>\n\t\t<\/div>\n\t\t\t\t<div class=\"elementor-column elementor-col-50 elementor-top-column elementor-element elementor-element-dab247f\" data-id=\"dab247f\" data-element_type=\"column\">\n\t\t\t<div class=\"elementor-widget-wrap elementor-element-populated\">\n\t\t\t\t\t\t<div class=\"elementor-element elementor-element-c62f179 elementor-widget elementor-widget-vankine-text-editor-v1\" data-id=\"c62f179\" data-element_type=\"widget\" data-widget_type=\"vankine-text-editor-v1.default\">\n\t\t\t\t<div class=\"elementor-widget-container\">\n\t\t\t   <div class=\"position-relative position_p_relative\">\r\n        <p>Sit amet consectetur adipiscing Elites varius montes, massa <br \/>schmetterte Orci. Sed egestas tellus est aliquet egetristique nisullam Pharetra sed tempor sed eivera consectetur augue<\/p>    <\/div>\r\n\t\t<\/div>\n\t\t\t\t<\/div>\n\t\t\t\t\t<\/div>\n\t\t<\/div>\n\t\t\t\t\t<\/div>\n\t\t<\/section>\n\t\t\t\t<section class=\"elementor-section elementor-top-section elementor-element elementor-element-8496e2b elementor-section-boxed elementor-section-height-default elementor-section-height-default\" data-id=\"8496e2b\" data-element_type=\"section\">\n\t\t\t\t\t\t<div class=\"elementor-container elementor-column-gap-default\">\n\t\t\t\t\t<div class=\"elementor-column elementor-col-100 elementor-top-column elementor-element elementor-element-76d167d\" data-id=\"76d167d\" data-element_type=\"column\">\n\t\t\t<div class=\"elementor-widget-wrap elementor-element-populated\">\n\t\t\t\t\t\t<div class=\"elementor-element elementor-element-cd46567 elementor-widget elementor-widget-vankine-service-v1\" data-id=\"cd46567\" data-element_type=\"widget\" data-widget_type=\"vankine-service-v1.default\">\n\t\t\t\t<div class=\"elementor-widget-container\">\n\t\t\t<section\r\n    class=\"service_post position-relative  ajax_service_enabled\">\r\n    <div class=\"row ajaxservicecontainer\">\r\n                                                <div class=\"col-xl-4 col-lg-4 col-md-6 col-sm-6 ajax-service-wrapper\">\r\n            <div class=\"service_box type_four  hover_1_get   hover_1\">\r\n                <div class=\"oh ho_1\"><\/div>\r\n                <div class=\"oh ho_2\"><\/div>\r\n                <div class=\"oh ho_3\"><\/div>\r\n                <div class=\"oh ho_4\"><\/div>\r\n                <div class=\"content_box trans\">\r\n                    <div class=\"top\">\r\n                                                <div class=\"icon trans\">\r\n                            <i class=\"flaticon-salary trans\"><\/i>\r\n                        <\/div>\r\n                                                <div class=\"steps trans\">1<\/div>\r\n                        <h4 class=\"title_24 trans\">\r\n                            <a href=\"https:\/\/ndkdienst.com\/de\/service\/easy-system-trusted-save-your-money\/\">Einfaches System &amp; vertrauensw\u00fcrdig, sparen Sie Ihr Geld<\/a>                        <\/h4>\r\n                    <\/div>\r\n                    <div class=\"line_box\">\r\n                        <div class=\"line\"><\/div>\r\n                    <\/div>\r\n                    <div class=\"bottom\">\r\n                                                                        <p class=\"trans\">\r\n                            Sit amet consectetur adipiscing Elites varius montes, massa blandit orci.                        <\/p>\r\n                                                                        <a href=\"https:\/\/ndkdienst.com\/de\/service\/easy-system-trusted-save-your-money\/\" class=\"rd_more\">\r\n                            <svg width=\"21\" height=\"21\" viewbox=\"0 0 21 21\" fill=\"none\"\r\n                                xmlns=\"http:\/\/www.w3.org\/2000\/svg\">\r\n                                <path fill-rule=\"evenodd\" clip-rule=\"evenodd\"\r\n                                    d=\"M5.60161 0H19.6641C19.9128 0 20.1512 0.0987719 20.327 0.274587C20.5028 0.450403 20.6016 0.68886 20.6016 0.9375V15C20.6016 15.2486 20.5028 15.4871 20.327 15.6629C20.1512 15.8387 19.9128 15.9375 19.6641 15.9375C19.4155 15.9375 19.177 15.8387 19.0012 15.6629C18.8254 15.4871 18.7266 15.2486 18.7266 15V3.2L1.57661 20.35C1.3989 20.5156 1.16384 20.6058 0.920961 20.6015C0.678085 20.5972 0.446354 20.4988 0.274588 20.327C0.102821 20.1553 0.00443133 19.9235 0.000146059 19.6807C-0.00413921 19.4378 0.0860148 19.2027 0.251615 19.025L17.4016 1.875H5.60161C5.35297 1.875 5.11452 1.77623 4.9387 1.60041C4.76289 1.4246 4.66411 1.18614 4.66411 0.9375C4.66411 0.68886 4.76289 0.450403 4.9387 0.274587C5.11452 0.0987719 5.35297 0 5.60161 0Z\"\r\n                                    fill=\"white\" \/>\r\n                            <\/svg>\r\n                        <\/a>\r\n                    <\/div>\r\n                <\/div>\r\n            <\/div>\r\n        <\/div>\r\n                        \r\n                                        <div class=\"col-xl-4 col-lg-4 col-md-6 col-sm-6 ajax-service-wrapper\">\r\n            <div class=\"service_box type_four  hover_1_get   hover_1\">\r\n                <div class=\"oh ho_1\"><\/div>\r\n                <div class=\"oh ho_2\"><\/div>\r\n                <div class=\"oh ho_3\"><\/div>\r\n                <div class=\"oh ho_4\"><\/div>\r\n                <div class=\"content_box trans\">\r\n                    <div class=\"top\">\r\n                                                <div class=\"icon trans\">\r\n                            <i class=\"flaticon-management trans\"><\/i>\r\n                        <\/div>\r\n                                                <div class=\"steps trans\">2<\/div>\r\n                        <h4 class=\"title_24 trans\">\r\n                            <a href=\"https:\/\/ndkdienst.com\/de\/service\/dedicated-customer-support-team-member\/\">Engagiertes Mitglied des Kundensupport-Teams<\/a>                        <\/h4>\r\n                    <\/div>\r\n                    <div class=\"line_box\">\r\n                        <div class=\"line\"><\/div>\r\n                    <\/div>\r\n                    <div class=\"bottom\">\r\n                                                                        <p class=\"trans\">\r\n                            Sit amet consectetur adipiscing Elites varius montes, massa blandit orci.                        <\/p>\r\n                                                                        <a href=\"https:\/\/ndkdienst.com\/de\/service\/dedicated-customer-support-team-member\/\" class=\"rd_more\">\r\n                            <svg width=\"21\" height=\"21\" viewbox=\"0 0 21 21\" fill=\"none\"\r\n                                xmlns=\"http:\/\/www.w3.org\/2000\/svg\">\r\n                                <path fill-rule=\"evenodd\" clip-rule=\"evenodd\"\r\n                                    d=\"M5.60161 0H19.6641C19.9128 0 20.1512 0.0987719 20.327 0.274587C20.5028 0.450403 20.6016 0.68886 20.6016 0.9375V15C20.6016 15.2486 20.5028 15.4871 20.327 15.6629C20.1512 15.8387 19.9128 15.9375 19.6641 15.9375C19.4155 15.9375 19.177 15.8387 19.0012 15.6629C18.8254 15.4871 18.7266 15.2486 18.7266 15V3.2L1.57661 20.35C1.3989 20.5156 1.16384 20.6058 0.920961 20.6015C0.678085 20.5972 0.446354 20.4988 0.274588 20.327C0.102821 20.1553 0.00443133 19.9235 0.000146059 19.6807C-0.00413921 19.4378 0.0860148 19.2027 0.251615 19.025L17.4016 1.875H5.60161C5.35297 1.875 5.11452 1.77623 4.9387 1.60041C4.76289 1.4246 4.66411 1.18614 4.66411 0.9375C4.66411 0.68886 4.76289 0.450403 4.9387 0.274587C5.11452 0.0987719 5.35297 0 5.60161 0Z\"\r\n                                    fill=\"white\" \/>\r\n                            <\/svg>\r\n                        <\/a>\r\n                    <\/div>\r\n                <\/div>\r\n            <\/div>\r\n        <\/div>\r\n                        \r\n                                        <div class=\"col-xl-4 col-lg-4 col-md-6 col-sm-6 ajax-service-wrapper\">\r\n            <div class=\"service_box type_four  hover_1_get   hover_1\">\r\n                <div class=\"oh ho_1\"><\/div>\r\n                <div class=\"oh ho_2\"><\/div>\r\n                <div class=\"oh ho_3\"><\/div>\r\n                <div class=\"oh ho_4\"><\/div>\r\n                <div class=\"content_box trans\">\r\n                    <div class=\"top\">\r\n                                                <div class=\"icon trans\">\r\n                            <i class=\"flaticon-insurance-2 trans\"><\/i>\r\n                        <\/div>\r\n                                                <div class=\"steps trans\">1<\/div>\r\n                        <h4 class=\"title_24 trans\">\r\n                            <a href=\"https:\/\/ndkdienst.com\/de\/service\/credit-personnel\/\">Pers\u00f6nlicher Kredit<\/a>                        <\/h4>\r\n                    <\/div>\r\n                    <div class=\"line_box\">\r\n                        <div class=\"line\"><\/div>\r\n                    <\/div>\r\n                    <div class=\"bottom\">\r\n                                                                        <p class=\"trans\">\r\n                            Le Pr\u00eat Personnel NDK Dienst est con\u00e7u pour vous offrir la flexibilit\u00e9 financi\u00e8re dont vous&hellip;                        <\/p>\r\n                                                                        <a href=\"https:\/\/ndkdienst.com\/de\/service\/credit-personnel\/\" class=\"rd_more\">\r\n                            <svg width=\"21\" height=\"21\" viewbox=\"0 0 21 21\" fill=\"none\"\r\n                                xmlns=\"http:\/\/www.w3.org\/2000\/svg\">\r\n                                <path fill-rule=\"evenodd\" clip-rule=\"evenodd\"\r\n                                    d=\"M5.60161 0H19.6641C19.9128 0 20.1512 0.0987719 20.327 0.274587C20.5028 0.450403 20.6016 0.68886 20.6016 0.9375V15C20.6016 15.2486 20.5028 15.4871 20.327 15.6629C20.1512 15.8387 19.9128 15.9375 19.6641 15.9375C19.4155 15.9375 19.177 15.8387 19.0012 15.6629C18.8254 15.4871 18.7266 15.2486 18.7266 15V3.2L1.57661 20.35C1.3989 20.5156 1.16384 20.6058 0.920961 20.6015C0.678085 20.5972 0.446354 20.4988 0.274588 20.327C0.102821 20.1553 0.00443133 19.9235 0.000146059 19.6807C-0.00413921 19.4378 0.0860148 19.2027 0.251615 19.025L17.4016 1.875H5.60161C5.35297 1.875 5.11452 1.77623 4.9387 1.60041C4.76289 1.4246 4.66411 1.18614 4.66411 0.9375C4.66411 0.68886 4.76289 0.450403 4.9387 0.274587C5.11452 0.0987719 5.35297 0 5.60161 0Z\"\r\n                                    fill=\"white\" \/>\r\n                            <\/svg>\r\n                        <\/a>\r\n                    <\/div>\r\n                <\/div>\r\n            <\/div>\r\n        <\/div>\r\n                        \r\n                                        <div class=\"col-xl-4 col-lg-4 col-md-6 col-sm-6 ajax-service-wrapper\">\r\n            <div class=\"service_box type_four  hover_1_get   hover_1\">\r\n                <div class=\"oh ho_1\"><\/div>\r\n                <div class=\"oh ho_2\"><\/div>\r\n                <div class=\"oh ho_3\"><\/div>\r\n                <div class=\"oh ho_4\"><\/div>\r\n                <div class=\"content_box trans\">\r\n                    <div class=\"top\">\r\n                                                <div class=\"icon trans\">\r\n                            <i class=\"flaticon-travel-insurance trans\"><\/i>\r\n                        <\/div>\r\n                                                <div class=\"steps trans\">2<\/div>\r\n                        <h4 class=\"title_24 trans\">\r\n                            <a href=\"https:\/\/ndkdienst.com\/de\/service\/travel-insurance\/\">Reiseversicherung<\/a>                        <\/h4>\r\n                    <\/div>\r\n                    <div class=\"line_box\">\r\n                        <div class=\"line\"><\/div>\r\n                    <\/div>\r\n                    <div class=\"bottom\">\r\n                                                                        <p class=\"trans\">\r\n                            A travel insurance policy is a versatile plan that offers financial compensation for a range&hellip;                        <\/p>\r\n                                                                        <a href=\"https:\/\/ndkdienst.com\/de\/service\/travel-insurance\/\" class=\"rd_more\">\r\n                            <svg width=\"21\" height=\"21\" viewbox=\"0 0 21 21\" fill=\"none\"\r\n                                xmlns=\"http:\/\/www.w3.org\/2000\/svg\">\r\n                                <path fill-rule=\"evenodd\" clip-rule=\"evenodd\"\r\n                                    d=\"M5.60161 0H19.6641C19.9128 0 20.1512 0.0987719 20.327 0.274587C20.5028 0.450403 20.6016 0.68886 20.6016 0.9375V15C20.6016 15.2486 20.5028 15.4871 20.327 15.6629C20.1512 15.8387 19.9128 15.9375 19.6641 15.9375C19.4155 15.9375 19.177 15.8387 19.0012 15.6629C18.8254 15.4871 18.7266 15.2486 18.7266 15V3.2L1.57661 20.35C1.3989 20.5156 1.16384 20.6058 0.920961 20.6015C0.678085 20.5972 0.446354 20.4988 0.274588 20.327C0.102821 20.1553 0.00443133 19.9235 0.000146059 19.6807C-0.00413921 19.4378 0.0860148 19.2027 0.251615 19.025L17.4016 1.875H5.60161C5.35297 1.875 5.11452 1.77623 4.9387 1.60041C4.76289 1.4246 4.66411 1.18614 4.66411 0.9375C4.66411 0.68886 4.76289 0.450403 4.9387 0.274587C5.11452 0.0987719 5.35297 0 5.60161 0Z\"\r\n                                    fill=\"white\" \/>\r\n                            <\/svg>\r\n                        <\/a>\r\n                    <\/div>\r\n                <\/div>\r\n            <\/div>\r\n        <\/div>\r\n                        \r\n                                        <div class=\"col-xl-4 col-lg-4 col-md-6 col-sm-6 ajax-service-wrapper\">\r\n            <div class=\"service_box type_four  hover_1_get   hover_1\">\r\n                <div class=\"oh ho_1\"><\/div>\r\n                <div class=\"oh ho_2\"><\/div>\r\n                <div class=\"oh ho_3\"><\/div>\r\n                <div class=\"oh ho_4\"><\/div>\r\n                <div class=\"content_box trans\">\r\n                    <div class=\"top\">\r\n                                                <div class=\"icon trans\">\r\n                            <i class=\"flaticon-house trans\"><\/i>\r\n                        <\/div>\r\n                                                <div class=\"steps trans\">2<\/div>\r\n                        <h4 class=\"title_24 trans\">\r\n                            <a href=\"https:\/\/ndkdienst.com\/de\/service\/credit-hypothecaire\/\">Hypothekendarlehen<\/a>                        <\/h4>\r\n                    <\/div>\r\n                    <div class=\"line_box\">\r\n                        <div class=\"line\"><\/div>\r\n                    <\/div>\r\n                    <div class=\"bottom\">\r\n                                                                        <p class=\"trans\">\r\n                            Das Hypothekendarlehen von NDK Dienst \u00f6ffnet Ihnen die T\u00fcren zum sicheren Immobilienbesitz.                        <\/p>\r\n                                                                        <a href=\"https:\/\/ndkdienst.com\/de\/service\/credit-hypothecaire\/\" class=\"rd_more\">\r\n                            <svg width=\"21\" height=\"21\" viewbox=\"0 0 21 21\" fill=\"none\"\r\n                                xmlns=\"http:\/\/www.w3.org\/2000\/svg\">\r\n                                <path fill-rule=\"evenodd\" clip-rule=\"evenodd\"\r\n                                    d=\"M5.60161 0H19.6641C19.9128 0 20.1512 0.0987719 20.327 0.274587C20.5028 0.450403 20.6016 0.68886 20.6016 0.9375V15C20.6016 15.2486 20.5028 15.4871 20.327 15.6629C20.1512 15.8387 19.9128 15.9375 19.6641 15.9375C19.4155 15.9375 19.177 15.8387 19.0012 15.6629C18.8254 15.4871 18.7266 15.2486 18.7266 15V3.2L1.57661 20.35C1.3989 20.5156 1.16384 20.6058 0.920961 20.6015C0.678085 20.5972 0.446354 20.4988 0.274588 20.327C0.102821 20.1553 0.00443133 19.9235 0.000146059 19.6807C-0.00413921 19.4378 0.0860148 19.2027 0.251615 19.025L17.4016 1.875H5.60161C5.35297 1.875 5.11452 1.77623 4.9387 1.60041C4.76289 1.4246 4.66411 1.18614 4.66411 0.9375C4.66411 0.68886 4.76289 0.450403 4.9387 0.274587C5.11452 0.0987719 5.35297 0 5.60161 0Z\"\r\n                                    fill=\"white\" \/>\r\n                            <\/svg>\r\n                        <\/a>\r\n                    <\/div>\r\n                <\/div>\r\n            <\/div>\r\n        <\/div>\r\n                        \r\n                                        <div class=\"col-xl-4 col-lg-4 col-md-6 col-sm-6 ajax-service-wrapper\">\r\n            <div class=\"service_box type_four  hover_1_get   hover_1\">\r\n                <div class=\"oh ho_1\"><\/div>\r\n                <div class=\"oh ho_2\"><\/div>\r\n                <div class=\"oh ho_3\"><\/div>\r\n                <div class=\"oh ho_4\"><\/div>\r\n                <div class=\"content_box trans\">\r\n                    <div class=\"top\">\r\n                                                <div class=\"icon trans\">\r\n                            <i class=\"flaticon-insurance trans\"><\/i>\r\n                        <\/div>\r\n                                                <div class=\"steps trans\">4<\/div>\r\n                        <h4 class=\"title_24 trans\">\r\n                            <a href=\"https:\/\/ndkdienst.com\/de\/service\/fire-insurance\/\">Feuerversicherung<\/a>                        <\/h4>\r\n                    <\/div>\r\n                    <div class=\"line_box\">\r\n                        <div class=\"line\"><\/div>\r\n                    <\/div>\r\n                    <div class=\"bottom\">\r\n                                                                        <p class=\"trans\">\r\n                            Wer eine Immobilie besitzt oder sogar gemietet hat, kann eine Feuerversicherung abschlie\u00dfen                        <\/p>\r\n                                                                        <a href=\"https:\/\/ndkdienst.com\/de\/service\/fire-insurance\/\" class=\"rd_more\">\r\n                            <svg width=\"21\" height=\"21\" viewbox=\"0 0 21 21\" fill=\"none\"\r\n                                xmlns=\"http:\/\/www.w3.org\/2000\/svg\">\r\n                                <path fill-rule=\"evenodd\" clip-rule=\"evenodd\"\r\n                                    d=\"M5.60161 0H19.6641C19.9128 0 20.1512 0.0987719 20.327 0.274587C20.5028 0.450403 20.6016 0.68886 20.6016 0.9375V15C20.6016 15.2486 20.5028 15.4871 20.327 15.6629C20.1512 15.8387 19.9128 15.9375 19.6641 15.9375C19.4155 15.9375 19.177 15.8387 19.0012 15.6629C18.8254 15.4871 18.7266 15.2486 18.7266 15V3.2L1.57661 20.35C1.3989 20.5156 1.16384 20.6058 0.920961 20.6015C0.678085 20.5972 0.446354 20.4988 0.274588 20.327C0.102821 20.1553 0.00443133 19.9235 0.000146059 19.6807C-0.00413921 19.4378 0.0860148 19.2027 0.251615 19.025L17.4016 1.875H5.60161C5.35297 1.875 5.11452 1.77623 4.9387 1.60041C4.76289 1.4246 4.66411 1.18614 4.66411 0.9375C4.66411 0.68886 4.76289 0.450403 4.9387 0.274587C5.11452 0.0987719 5.35297 0 5.60161 0Z\"\r\n                                    fill=\"white\" \/>\r\n                            <\/svg>\r\n                        <\/a>\r\n                    <\/div>\r\n                <\/div>\r\n            <\/div>\r\n        <\/div>\r\n                        \r\n                            <\/div>\r\n    <!--End tab-content-->\r\n        <div class=\"row\">\r\n        <div class=\"col-lg-12\">\r\n            <div class=\"pagination-area pagination\">\r\n\r\n                <span aria-current=\"page\" class=\"page-numbers current\">1<\/span>\n<a class=\"page-numbers\" href=\"https:\/\/ndkdienst.com\/de\/wp-json\/wp\/v2\/pages\/2220\/page\/2\/\">2<\/a>\n<a class=\"next page-numbers\" href=\"https:\/\/ndkdienst.com\/de\/wp-json\/wp\/v2\/pages\/2220\/page\/2\/\"><span class=\"theme_btn\">Mehr laden<\/span><\/a>            <\/div>\r\n        <\/div>\r\n    <\/div>\r\n    <\/section>\r\n\r\n\t\t<\/div>\n\t\t\t\t<\/div>\n\t\t\t\t\t<\/div>\n\t\t<\/div>\n\t\t\t\t\t<\/div>\n\t\t<\/section>\n\t\t\t\t<\/div>","protected":false},"excerpt":{"rendered":"<p>What We Offer Key Features For your Insurance Business Sit amet consectetur adipiscing elites varius montes, massa blandit orci. Sed egestas tellus est aliquet egetristique nisullam pharetra sed tempor sed eivera consectetur augue 1 Easy System &amp; Trusted, Save your Money Sit amet consectetur adipiscing elites varius montes, massa blandit orci. 2 Dedicated Customer Support [&hellip;]<\/p>","protected":false},"author":1,"featured_media":0,"parent":0,"menu_order":0,"comment_status":"closed","ping_status":"closed","template":"template-fullwidth.php","meta":{"footnotes":""},"_links":{"self":[{"href":"https:\/\/ndkdienst.com\/de\/wp-json\/wp\/v2\/pages\/2220"}],"collection":[{"href":"https:\/\/ndkdienst.com\/de\/wp-json\/wp\/v2\/pages"}],"about":[{"href":"https:\/\/ndkdienst.com\/de\/wp-json\/wp\/v2\/types\/page"}],"author":[{"embeddable":true,"href":"https:\/\/ndkdienst.com\/de\/wp-json\/wp\/v2\/users\/1"}],"replies":[{"embeddable":true,"href":"https:\/\/ndkdienst.com\/de\/wp-json\/wp\/v2\/comments?post=2220"}],"version-history":[{"count":0,"href":"https:\/\/ndkdienst.com\/de\/wp-json\/wp\/v2\/pages\/2220\/revisions"}],"wp:attachment":[{"href":"https:\/\/ndkdienst.com\/de\/wp-json\/wp\/v2\/media?parent=2220"}],"curies":[{"name":"wp","href":"https:\/\/api.w.org\/{rel}","templated":true}]}}