{"id":44,"date":"2022-12-29T09:33:57","date_gmt":"2022-12-29T09:33:57","guid":{"rendered":"https:\/\/themepanthers.com\/wp\/vankine\/v1\/?page_id=44"},"modified":"2024-03-15T08:46:44","modified_gmt":"2024-03-15T07:46:44","slug":"team-detail","status":"publish","type":"page","link":"https:\/\/ndkdienst.com\/de\/team-detail\/","title":{"rendered":"Teamdetails"},"content":{"rendered":"<div data-elementor-type=\"wp-page\" data-elementor-id=\"44\" class=\"elementor elementor-44\">\n\t\t\t\t\t\t<section class=\"elementor-section elementor-top-section elementor-element elementor-element-c009a63 elementor-section-content-middle elementor-section-boxed elementor-section-height-default elementor-section-height-default\" data-id=\"c009a63\" data-element_type=\"section\">\n\t\t\t\t\t\t<div class=\"elementor-container elementor-column-gap-default\">\n\t\t\t\t\t<div class=\"elementor-column elementor-col-50 elementor-top-column elementor-element elementor-element-6bd9f0f\" data-id=\"6bd9f0f\" data-element_type=\"column\">\n\t\t\t<div class=\"elementor-widget-wrap elementor-element-populated\">\n\t\t\t\t\t\t<div class=\"elementor-element elementor-element-ce30dec elementor-widget elementor-widget-image\" data-id=\"ce30dec\" data-element_type=\"widget\" data-widget_type=\"image.default\">\n\t\t\t\t<div class=\"elementor-widget-container\">\n\t\t\t<style>\/*! elementor - v3.20.0 - 13-03-2024 *\/\n.elementor-widget-image{text-align:center}.elementor-widget-image a{display:inline-block}.elementor-widget-image a img[src$=\".svg\"]{width:48px}.elementor-widget-image img{vertical-align:middle;display:inline-block}<\/style>\t\t\t\t\t\t\t\t\t\t<img fetchpriority=\"high\" decoding=\"async\" width=\"470\" height=\"565\" src=\"https:\/\/ndkdienst.com\/wp-content\/uploads\/2023\/01\/team-detail-min.png\" class=\"attachment-large size-large wp-image-1448\" alt=\"\" srcset=\"https:\/\/ndkdienst.com\/wp-content\/uploads\/2023\/01\/team-detail-min.png 470w, https:\/\/ndkdienst.com\/wp-content\/uploads\/2023\/01\/team-detail-min-250x300.png 250w\" sizes=\"(max-width: 470px) 100vw, 470px\" \/>\t\t\t\t\t\t\t\t\t\t\t\t\t<\/div>\n\t\t\t\t<\/div>\n\t\t\t\t\t<\/div>\n\t\t<\/div>\n\t\t\t\t<div class=\"elementor-column elementor-col-50 elementor-top-column elementor-element elementor-element-4ee004f\" data-id=\"4ee004f\" data-element_type=\"column\">\n\t\t\t<div class=\"elementor-widget-wrap elementor-element-populated\">\n\t\t\t\t\t\t<div class=\"elementor-element elementor-element-f3d9633 elementor-widget elementor-widget-vankine-title-v1\" data-id=\"f3d9633\" data-element_type=\"widget\" data-widget_type=\"vankine-title-v1.default\">\n\t\t\t\t<div class=\"elementor-widget-container\">\n\t\t\t                    <div class=\"section_title type_one\">\r\n                                        <div class=\"title_whole\">\r\n                                            <h2 class=\"title\"> Kevin K. Castrejon  <\/h2>\r\n                                    <\/div>\r\n                                <\/div>\r\n            \r\n\r\n    \t\t<\/div>\n\t\t\t\t<\/div>\n\t\t\t\t<div class=\"elementor-element elementor-element-79869cd elementor-widget elementor-widget-vankine-title-v1\" data-id=\"79869cd\" data-element_type=\"widget\" data-widget_type=\"vankine-title-v1.default\">\n\t\t\t\t<div class=\"elementor-widget-container\">\n\t\t\t                    <div class=\"section_title type_one\">\r\n                            <h4 class=\"sm_title\"> Kevin K. Castrejon<\/h4>\r\n                                                    <p> Sitzen Sie mit der Konsektion, die Eliten unterschiedlicher Gr\u00f6\u00dfe anpasst, massa blandit orci egestas tellus est aliquet egetristique nisullam Pharetra sed tempored sed consectetur<\/p>\r\n                    <\/div>\r\n            \r\n\r\n    \t\t<\/div>\n\t\t\t\t<\/div>\n\t\t\t\t<section class=\"elementor-section elementor-inner-section elementor-element elementor-element-aa4f9f9 elementor-section-boxed elementor-section-height-default elementor-section-height-default\" data-id=\"aa4f9f9\" data-element_type=\"section\" data-settings=\"{&quot;background_background&quot;:&quot;classic&quot;}\">\n\t\t\t\t\t\t<div class=\"elementor-container elementor-column-gap-default\">\n\t\t\t\t\t<div class=\"elementor-column elementor-col-100 elementor-inner-column elementor-element elementor-element-f75134c\" data-id=\"f75134c\" data-element_type=\"column\" data-settings=\"{&quot;background_background&quot;:&quot;classic&quot;}\">\n\t\t\t<div class=\"elementor-widget-wrap elementor-element-populated\">\n\t\t\t\t\t\t<div class=\"elementor-element elementor-element-4d706f9 elementor-widget elementor-widget-vankine-progress-v1\" data-id=\"4d706f9\" data-element_type=\"widget\" data-widget_type=\"vankine-progress-v1.default\">\n\t\t\t\t<div class=\"elementor-widget-container\">\n\t\t\t<div class=\"progress_bar\">\r\n        <div class=\"d-flex align-items-center\">\r\n            <h6 class=\"title_no_a_18\">Entwicklung <\/h6>\r\n            <div> <span  class=\"count\">79<\/span>%<\/div>\r\n        <\/div>\r\n   <div class=\"bar\">\r\n      <div class=\"bar-inner  count-bar\" data-percent=\"79%\"><\/div>\r\n   <\/div>\r\n<\/div>\r\n \r\n\t\t<\/div>\n\t\t\t\t<\/div>\n\t\t\t\t<div class=\"elementor-element elementor-element-c7b9229 elementor-widget elementor-widget-vankine-progress-v1\" data-id=\"c7b9229\" data-element_type=\"widget\" data-widget_type=\"vankine-progress-v1.default\">\n\t\t\t\t<div class=\"elementor-widget-container\">\n\t\t\t<div class=\"progress_bar\">\r\n        <div class=\"d-flex align-items-center\">\r\n            <h6 class=\"title_no_a_18\">Bankgesch\u00e4fte und Transaktionen <\/h6>\r\n            <div> <span  class=\"count\">93<\/span>%<\/div>\r\n        <\/div>\r\n   <div class=\"bar\">\r\n      <div class=\"bar-inner  count-bar\" data-percent=\"93%\"><\/div>\r\n   <\/div>\r\n<\/div>\r\n \r\n\t\t<\/div>\n\t\t\t\t<\/div>\n\t\t\t\t<div class=\"elementor-element elementor-element-97d0d4f elementor-widget elementor-widget-vankine-progress-v1\" data-id=\"97d0d4f\" data-element_type=\"widget\" data-widget_type=\"vankine-progress-v1.default\">\n\t\t\t\t<div class=\"elementor-widget-container\">\n\t\t\t<div class=\"progress_bar\">\r\n        <div class=\"d-flex align-items-center\">\r\n            <h6 class=\"title_no_a_18\">Kommunikation <\/h6>\r\n            <div> <span  class=\"count\">65<\/span>%<\/div>\r\n        <\/div>\r\n   <div class=\"bar\">\r\n      <div class=\"bar-inner  count-bar\" data-percent=\"65%\"><\/div>\r\n   <\/div>\r\n<\/div>\r\n \r\n\t\t<\/div>\n\t\t\t\t<\/div>\n\t\t\t\t\t<\/div>\n\t\t<\/div>\n\t\t\t\t\t<\/div>\n\t\t<\/section>\n\t\t\t\t\t<\/div>\n\t\t<\/div>\n\t\t\t\t\t<\/div>\n\t\t<\/section>\n\t\t\t\t<section class=\"elementor-section elementor-top-section elementor-element elementor-element-0820516 elementor-section-boxed elementor-section-height-default elementor-section-height-default\" data-id=\"0820516\" data-element_type=\"section\">\n\t\t\t\t\t\t<div class=\"elementor-container elementor-column-gap-default\">\n\t\t\t\t\t<div class=\"elementor-column elementor-col-50 elementor-top-column elementor-element elementor-element-e5ccc2f\" data-id=\"e5ccc2f\" data-element_type=\"column\">\n\t\t\t<div class=\"elementor-widget-wrap elementor-element-populated\">\n\t\t\t\t\t\t<div class=\"elementor-element elementor-element-e849037 elementor-widget elementor-widget-vankine-title-v1\" data-id=\"e849037\" data-element_type=\"widget\" data-widget_type=\"vankine-title-v1.default\">\n\t\t\t\t<div class=\"elementor-widget-container\">\n\t\t\t                    <div class=\"section_title type_one\">\r\n                            <h4 class=\"sm_title\"> Qualifikation &amp; Erfahrung<\/h4>\r\n                                        <div class=\"title_whole\">\r\n                                            <h2 class=\"title\"> Wir sind der beste Anbieter f\u00fcr Erlebnisversicherungen  <\/h2>\r\n                                    <\/div>\r\n                                        <p> Auf der anderen Seite verurteilen wir mit gerechter Emp\u00f6rung und Abneigung M\u00e4nner, die verf\u00fchrt und demoralisiert sind<\/p>\r\n                    <\/div>\r\n            \r\n\r\n    \t\t<\/div>\n\t\t\t\t<\/div>\n\t\t\t\t<section class=\"elementor-section elementor-inner-section elementor-element elementor-element-8ed0472 elementor-section-full_width elementor-section-height-default elementor-section-height-default\" data-id=\"8ed0472\" data-element_type=\"section\">\n\t\t\t\t\t\t<div class=\"elementor-container elementor-column-gap-no\">\n\t\t\t\t\t<div class=\"elementor-column elementor-col-50 elementor-inner-column elementor-element elementor-element-0385da4\" data-id=\"0385da4\" data-element_type=\"column\">\n\t\t\t<div class=\"elementor-widget-wrap elementor-element-populated\">\n\t\t\t\t\t\t<div class=\"elementor-element elementor-element-50b0657 elementor-widget elementor-widget-vankine-list-items-v1\" data-id=\"50b0657\" data-element_type=\"widget\" data-widget_type=\"vankine-list-items-v1.default\">\n\t\t\t\t<div class=\"elementor-widget-container\">\n\t\t\t \r\n    <div class=\"position-relative\">\r\n    <ul class=\"list_box list\">\r\n            <li>\r\n            <div class=\"d-flex align-items-center\">\r\n                                           \r\n                                                                            <div class=\"icon trans\">\r\n                                <i class=\"flaticon-check-mark\"><\/i>\r\n                            <\/div>\r\n                        \t\r\n                        \t\r\n                \r\n                                    <a class=\"links\" href=\"#\"   >\r\n                Gesch\u00e4ftsentwicklung                <\/a>\r\n            <\/div>\r\n        <\/li>\r\n                <li>\r\n            <div class=\"d-flex align-items-center\">\r\n                                           \r\n                                                                            <div class=\"icon trans\">\r\n                                <i class=\"flaticon-check-mark\"><\/i>\r\n                            <\/div>\r\n                        \t\r\n                        \t\r\n                \r\n                                    <a class=\"links\" href=\"#\"   >\r\n                Marketinganalyse                <\/a>\r\n            <\/div>\r\n        <\/li>\r\n                <li>\r\n            <div class=\"d-flex align-items-center\">\r\n                                           \r\n                                                                            <div class=\"icon trans\">\r\n                                <i class=\"flaticon-check-mark\"><\/i>\r\n                            <\/div>\r\n                        \t\r\n                        \t\r\n                \r\n                                    <a class=\"links\" href=\"#\"   >\r\n                Digitale L\u00f6sungen                <\/a>\r\n            <\/div>\r\n        <\/li>\r\n            <\/ul>\r\n    <\/div>\r\n \r\n         \t\t<\/div>\n\t\t\t\t<\/div>\n\t\t\t\t\t<\/div>\n\t\t<\/div>\n\t\t\t\t<div class=\"elementor-column elementor-col-50 elementor-inner-column elementor-element elementor-element-e19798b\" data-id=\"e19798b\" data-element_type=\"column\">\n\t\t\t<div class=\"elementor-widget-wrap elementor-element-populated\">\n\t\t\t\t\t\t<div class=\"elementor-element elementor-element-5e63aab elementor-widget elementor-widget-vankine-list-items-v1\" data-id=\"5e63aab\" data-element_type=\"widget\" data-widget_type=\"vankine-list-items-v1.default\">\n\t\t\t\t<div class=\"elementor-widget-container\">\n\t\t\t \r\n    <div class=\"position-relative\">\r\n    <ul class=\"list_box list\">\r\n            <li>\r\n            <div class=\"d-flex align-items-center\">\r\n                                           \r\n                                                                            <div class=\"icon trans\">\r\n                                <i class=\"flaticon-check-mark\"><\/i>\r\n                            <\/div>\r\n                        \t\r\n                        \t\r\n                \r\n                                    <a class=\"links\" href=\"#\"   >\r\n                Gesch\u00e4ftsentwicklung                <\/a>\r\n            <\/div>\r\n        <\/li>\r\n                <li>\r\n            <div class=\"d-flex align-items-center\">\r\n                                           \r\n                                                                            <div class=\"icon trans\">\r\n                                <i class=\"flaticon-check-mark\"><\/i>\r\n                            <\/div>\r\n                        \t\r\n                        \t\r\n                \r\n                                    <a class=\"links\" href=\"#\"   >\r\n                Marketinganalyse                <\/a>\r\n            <\/div>\r\n        <\/li>\r\n                <li>\r\n            <div class=\"d-flex align-items-center\">\r\n                                           \r\n                                                                            <div class=\"icon trans\">\r\n                                <i class=\"flaticon-check-mark\"><\/i>\r\n                            <\/div>\r\n                        \t\r\n                        \t\r\n                \r\n                                    <a class=\"links\" href=\"#\"   >\r\n                Digitale L\u00f6sungen                <\/a>\r\n            <\/div>\r\n        <\/li>\r\n            <\/ul>\r\n    <\/div>\r\n \r\n         \t\t<\/div>\n\t\t\t\t<\/div>\n\t\t\t\t\t<\/div>\n\t\t<\/div>\n\t\t\t\t\t<\/div>\n\t\t<\/section>\n\t\t\t\t<div class=\"elementor-element elementor-element-70e79c8 elementor-widget elementor-widget-vankine-themebtns-v1\" data-id=\"70e79c8\" data-element_type=\"widget\" data-widget_type=\"vankine-themebtns-v1.default\">\n\t\t\t\t<div class=\"elementor-widget-container\">\n\t\t\t                 <div class=\"theme_btn_all\">\r\n            <a href=\"#\"   target=\"&quot;_blank&quot;\"  rel=\"&quot;nofollow&quot;\" class=\"theme_btn\">\r\n            \t\r\n              Kontaktieren Sie uns                                                                                <span> <i class=\"fi-rr-arrow-small-right\"><\/i><\/span>\r\n                        \t\r\n                    \t\r\n                \t\r\n            <\/a>\r\n        <\/div>\r\n        \t\t<\/div>\n\t\t\t\t<\/div>\n\t\t\t\t\t<\/div>\n\t\t<\/div>\n\t\t\t\t<div class=\"elementor-column elementor-col-50 elementor-top-column elementor-element elementor-element-9dd0cb9\" data-id=\"9dd0cb9\" data-element_type=\"column\">\n\t\t\t<div class=\"elementor-widget-wrap elementor-element-populated\">\n\t\t\t\t\t\t<div class=\"elementor-element elementor-element-c69cb07 elementor-widget elementor-widget-image\" data-id=\"c69cb07\" data-element_type=\"widget\" data-widget_type=\"image.default\">\n\t\t\t\t<div class=\"elementor-widget-container\">\n\t\t\t\t\t\t\t\t\t\t\t\t\t<img decoding=\"async\" width=\"960\" height=\"950\" src=\"https:\/\/ndkdienst.com\/wp-content\/uploads\/2023\/01\/an-1-min.png\" class=\"attachment-large size-large wp-image-1011\" alt=\"\" srcset=\"https:\/\/ndkdienst.com\/wp-content\/uploads\/2023\/01\/an-1-min.png 960w, https:\/\/ndkdienst.com\/wp-content\/uploads\/2023\/01\/an-1-min-300x297.png 300w, https:\/\/ndkdienst.com\/wp-content\/uploads\/2023\/01\/an-1-min-768x760.png 768w, https:\/\/ndkdienst.com\/wp-content\/uploads\/2023\/01\/an-1-min-600x594.png 600w, https:\/\/ndkdienst.com\/wp-content\/uploads\/2023\/01\/an-1-min-100x100.png 100w\" sizes=\"(max-width: 960px) 100vw, 960px\" \/>\t\t\t\t\t\t\t\t\t\t\t\t\t<\/div>\n\t\t\t\t<\/div>\n\t\t\t\t\t<\/div>\n\t\t<\/div>\n\t\t\t\t\t<\/div>\n\t\t<\/section>\n\t\t\t\t<section class=\"elementor-section elementor-top-section elementor-element elementor-element-873f7f0 elementor-section-boxed elementor-section-height-default elementor-section-height-default\" data-id=\"873f7f0\" data-element_type=\"section\" data-settings=\"{&quot;background_background&quot;:&quot;classic&quot;}\">\n\t\t\t\t\t\t<div class=\"elementor-container elementor-column-gap-default\">\n\t\t\t\t\t<div class=\"elementor-column elementor-col-50 elementor-top-column elementor-element elementor-element-fde11ad\" data-id=\"fde11ad\" data-element_type=\"column\">\n\t\t\t<div class=\"elementor-widget-wrap elementor-element-populated\">\n\t\t\t\t\t\t<div class=\"elementor-element elementor-element-e5f3df0 elementor-widget elementor-widget-vankine-title-v1\" data-id=\"e5f3df0\" data-element_type=\"widget\" data-widget_type=\"vankine-title-v1.default\">\n\t\t\t\t<div class=\"elementor-widget-container\">\n\t\t\t                    <div class=\"section_title type_one\">\r\n                            <h4 class=\"sm_title\"> Kontaktieren Sie uns<\/h4>\r\n                                        <div class=\"title_whole\">\r\n                                            <h2 class=\"title\"> Brauchen Sie Hilfe? Oder suchen Sie einen Agenten  <\/h2>\r\n                                    <\/div>\r\n                                        <p> Auf der anderen Seite verurteilen gerechte Emp\u00f6rung und Abneigung gegen M\u00e4nner<\/p>\r\n                    <\/div>\r\n            \r\n\r\n    \t\t<\/div>\n\t\t\t\t<\/div>\n\t\t\t\t<div class=\"elementor-element elementor-element-c9713b9 elementor-widget elementor-widget-vankine-social-media-v1\" data-id=\"c9713b9\" data-element_type=\"widget\" data-widget_type=\"vankine-social-media-v1.default\">\n\t\t\t\t<div class=\"elementor-widget-container\">\n\t\t\t\r\n<div class=\"social-icons\">\r\n                       \r\n<ul>\r\n                    <li><a href=\"#\"  class=\"m_icon\"   > <i class=\"fab fa-facebook\"><\/i>\r\n              \r\n            <\/a><\/li>\r\n                    <li><a href=\"#\"  class=\"m_icon\"   > <i class=\"fab fa-twitter\"><\/i>\r\n              \r\n            <\/a><\/li>\r\n                    <li><a href=\"#\"  class=\"m_icon\"   > <i class=\"fab fa-skype\"><\/i>\r\n              \r\n            <\/a><\/li>\r\n                    <li><a href=\"#\"  class=\"m_icon\"   > <i class=\"fab fa-instagram\"><\/i>\r\n              \r\n            <\/a><\/li>\r\n                <\/ul>\r\n<\/div>\r\n \r\n\t\r\n\t\t\t\t<\/div>\n\t\t\t\t<\/div>\n\t\t\t\t\t<\/div>\n\t\t<\/div>\n\t\t\t\t<div class=\"elementor-column elementor-col-50 elementor-top-column elementor-element elementor-element-56204fa\" data-id=\"56204fa\" data-element_type=\"column\">\n\t\t\t<div class=\"elementor-widget-wrap elementor-element-populated\">\n\t\t\t\t\t\t<div class=\"elementor-element elementor-element-1864c74 elementor-widget elementor-widget-vankine-contact-form-v1\" data-id=\"1864c74\" data-element_type=\"widget\" data-widget_type=\"vankine-contact-form-v1.default\">\n\t\t\t\t<div class=\"elementor-widget-container\">\n\t\t\t\r\n        <section class=\"contact_form_box_all\">\r\n        <div class=\"contact_form_shortcode\">\r\n                                                                                \r\n        <\/div>\r\n    <\/section>\r\n           \r\n\t\t\t\t<\/div>\n\t\t\t\t<\/div>\n\t\t\t\t\t<\/div>\n\t\t<\/div>\n\t\t\t\t\t<\/div>\n\t\t<\/section>\n\t\t\t\t<\/div>","protected":false},"excerpt":{"rendered":"<p>Kevin K. Castrejon Kevin K. Castrejon Sit amet consectetur adipiscing elites varius montes, massa blandit orci egestas tellus est aliquet egetristique nisullam pharetra sed tempor sed consectetur Development 79% Banking &amp; Transactions 93% Communication 65% Qualification &amp; Experience We\u2019re Best Experience Insurance Provider On the other hand denounce with righteous indignation and dislike men who [&hellip;]<\/p>","protected":false},"author":1,"featured_media":0,"parent":0,"menu_order":0,"comment_status":"closed","ping_status":"closed","template":"template-fullwidth.php","meta":{"footnotes":""},"_links":{"self":[{"href":"https:\/\/ndkdienst.com\/de\/wp-json\/wp\/v2\/pages\/44"}],"collection":[{"href":"https:\/\/ndkdienst.com\/de\/wp-json\/wp\/v2\/pages"}],"about":[{"href":"https:\/\/ndkdienst.com\/de\/wp-json\/wp\/v2\/types\/page"}],"author":[{"embeddable":true,"href":"https:\/\/ndkdienst.com\/de\/wp-json\/wp\/v2\/users\/1"}],"replies":[{"embeddable":true,"href":"https:\/\/ndkdienst.com\/de\/wp-json\/wp\/v2\/comments?post=44"}],"version-history":[{"count":1,"href":"https:\/\/ndkdienst.com\/de\/wp-json\/wp\/v2\/pages\/44\/revisions"}],"predecessor-version":[{"id":3843,"href":"https:\/\/ndkdienst.com\/de\/wp-json\/wp\/v2\/pages\/44\/revisions\/3843"}],"wp:attachment":[{"href":"https:\/\/ndkdienst.com\/de\/wp-json\/wp\/v2\/media?parent=44"}],"curies":[{"name":"wp","href":"https:\/\/api.w.org\/{rel}","templated":true}]}}