{"id":68,"date":"2022-12-29T09:34:08","date_gmt":"2022-12-29T09:34:08","guid":{"rendered":"https:\/\/themepanthers.com\/wp\/vankine\/v1\/?page_id=68"},"modified":"2025-07-09T05:02:57","modified_gmt":"2025-07-09T03:02:57","slug":"contact","status":"publish","type":"page","link":"https:\/\/ndkdienst.com\/de\/contact\/","title":{"rendered":"Kontakt"},"content":{"rendered":"<div data-elementor-type=\"wp-page\" data-elementor-id=\"68\" class=\"elementor elementor-68\">\n\t\t\t\t\t\t<section class=\"elementor-section elementor-top-section elementor-element elementor-element-6036f71 elementor-section-boxed elementor-section-height-default elementor-section-height-default\" data-id=\"6036f71\" data-element_type=\"section\">\n\t\t\t\t\t\t<div class=\"elementor-container elementor-column-gap-extended\">\n\t\t\t\t\t<div class=\"elementor-column elementor-col-50 elementor-top-column elementor-element elementor-element-566db77\" data-id=\"566db77\" data-element_type=\"column\">\n\t\t\t<div class=\"elementor-widget-wrap elementor-element-populated\">\n\t\t\t\t\t\t<div class=\"elementor-element elementor-element-d49dd66 elementor-widget elementor-widget-vankine-contact-box-v1\" data-id=\"d49dd66\" data-element_type=\"widget\" data-widget_type=\"vankine-contact-box-v1.default\">\n\t\t\t\t<div class=\"elementor-widget-container\">\n\t\t\t \r\n \r\n    <div class=\"contact_box_content\">\r\n                                                        <div class=\"icon trans\">\r\n                        <img decoding=\"async\" src=\"https:\/\/themepanthers.com\/wp\/vankine\/v1\/wp-content\/uploads\/2023\/01\/cont-2.png\" alt=\"img\" \/>\r\n                    <\/div>\r\n                                                                        <div class=\"contact-infor\">\r\n                   \r\n                <h6 class=\"title_no_a_24\">E-Mail<\/h6>\r\n            \r\n                                            <a href=\"mailto:kontakt@ndkdienst.com\">kontakt@ndkdienst.com<\/a>\r\n                                <\/div>\r\n                        <\/div>\r\n \r\n  \r\n  \r\n\r\n  \r\n \r\n\r\n\r\n    \t\t<\/div>\n\t\t\t\t<\/div>\n\t\t\t\t\t<\/div>\n\t\t<\/div>\n\t\t\t\t<div class=\"elementor-column elementor-col-50 elementor-top-column elementor-element elementor-element-f573a1e\" data-id=\"f573a1e\" data-element_type=\"column\">\n\t\t\t<div class=\"elementor-widget-wrap\">\n\t\t\t\t\t\t\t<\/div>\n\t\t<\/div>\n\t\t\t\t\t<\/div>\n\t\t<\/section>\n\t\t\t\t<section class=\"elementor-section elementor-top-section elementor-element elementor-element-a8e90f9 elementor-section-boxed elementor-section-height-default elementor-section-height-default\" data-id=\"a8e90f9\" data-element_type=\"section\" data-settings=\"{&quot;background_background&quot;:&quot;classic&quot;}\">\n\t\t\t\t\t\t<div class=\"elementor-container elementor-column-gap-default\">\n\t\t\t\t\t<div class=\"elementor-column elementor-col-50 elementor-top-column elementor-element elementor-element-c76861d\" data-id=\"c76861d\" data-element_type=\"column\">\n\t\t\t<div class=\"elementor-widget-wrap elementor-element-populated\">\n\t\t\t\t\t\t<div class=\"elementor-element elementor-element-4380665 elementor-widget elementor-widget-vankine-title-v1\" data-id=\"4380665\" data-element_type=\"widget\" data-widget_type=\"vankine-title-v1.default\">\n\t\t\t\t<div class=\"elementor-widget-container\">\n\t\t\t                    <div class=\"section_title type_one\">\r\n                            <h4 class=\"sm_title\"> Beantragen Sie einen Kredit<\/h4>\r\n                                        <div class=\"title_whole\">\r\n                                            <h2 class=\"title\"> Ben\u00f6tigen Sie dringend einen Kredit? Jetzt beantragen!  <\/h2>\r\n                                    <\/div>\r\n                                        <p> Ein Kredit ist eine Verpflichtung und muss zur\u00fcckgezahlt werden. Pr\u00fcfen Sie vor der Aufnahme Ihre R\u00fcckzahlungsf\u00e4higkeit.<\/p>\r\n                    <\/div>\r\n            \r\n\r\n    \t\t<\/div>\n\t\t\t\t<\/div>\n\t\t\t\t\t<\/div>\n\t\t<\/div>\n\t\t\t\t<div class=\"elementor-column elementor-col-50 elementor-top-column elementor-element elementor-element-e9caf95\" data-id=\"e9caf95\" data-element_type=\"column\">\n\t\t\t<div class=\"elementor-widget-wrap elementor-element-populated\">\n\t\t\t\t\t\t<div class=\"elementor-element elementor-element-1b6467e elementor-widget elementor-widget-vankine-contact-form-v1\" data-id=\"1b6467e\" data-element_type=\"widget\" data-widget_type=\"vankine-contact-form-v1.default\">\n\t\t\t\t<div class=\"elementor-widget-container\">\n\t\t\t\r\n        <section class=\"contact_form_box_all\">\r\n        <div class=\"contact_form_shortcode\">\r\n                                                \n<div class=\"wpcf7 no-js\" id=\"wpcf7-f3927-o1\" lang=\"fr-FR\" dir=\"ltr\">\n<div class=\"screen-reader-response\"><p role=\"status\" aria-live=\"polite\" aria-atomic=\"true\"><\/p> <ul><\/ul><\/div>\n<form action=\"\/de\/wp-json\/wp\/v2\/pages\/68#wpcf7-f3927-o1\" method=\"post\" class=\"wpcf7-form init\" aria-label=\"Kontaktformular\" novalidate=\"novalidate\" data-status=\"init\" data-trp-original-action=\"\/de\/wp-json\/wp\/v2\/pages\/68#wpcf7-f3927-o1\">\n<div style=\"display: none;\">\n<input type=\"hidden\" name=\"_wpcf7\" value=\"3927\" \/>\n<input type=\"hidden\" name=\"_wpcf7_version\" value=\"5.9.2\" \/>\n<input type=\"hidden\" name=\"_wpcf7_locale\" value=\"fr_FR\" \/>\n<input type=\"hidden\" name=\"_wpcf7_unit_tag\" value=\"wpcf7-f3927-o1\" \/>\n<input type=\"hidden\" name=\"_wpcf7_container_post\" value=\"0\" \/>\n<input type=\"hidden\" name=\"_wpcf7_posted_data_hash\" value=\"\" \/>\n<\/div>\n<div class=\"row\">\n\t<div class=\"input-filled col-lg-12 col-md-12\">\n\t\t<p><span class=\"wpcf7-form-control-wrap\" data-name=\"fullname\"><input size=\"40\" class=\"wpcf7-form-control wpcf7-text wpcf7-validates-as-required\" aria-required=\"true\" aria-invalid=\"false\" placeholder=\"Vor- und Nachname*\" value=\"\" type=\"text\" name=\"fullname\" \/><\/span>\n\t\t<\/p>\n\t<\/div>\n<\/div>\n<div class=\"row\">\n\t<div class=\"input-filled col-lg-6 col-md-6\">\n\t\t<p><span class=\"wpcf7-form-control-wrap\" data-name=\"your-email\"><input size=\"40\" class=\"wpcf7-form-control wpcf7-email wpcf7-validates-as-required wpcf7-text wpcf7-validates-as-email\" aria-required=\"true\" aria-invalid=\"false\" placeholder=\"E-Mail *\" value=\"\" type=\"email\" name=\"your-email\" \/><\/span>\n\t\t<\/p>\n\t<\/div>\n\t<div class=\"input-filled col-lg-6 col-md-6\">\n\t\t<p><span class=\"wpcf7-form-control-wrap\" data-name=\"your-phone\"><input size=\"40\" class=\"wpcf7-form-control wpcf7-text wpcf7-validates-as-required\" aria-required=\"true\" aria-invalid=\"false\" placeholder=\"Telefonnummer *\" value=\"\" type=\"text\" name=\"your-phone\" \/><\/span>\n\t\t<\/p>\n\t<\/div>\n<\/div>\n<div class=\"row\">\n\t<div class=\"input-filled col-lg-6 col-md-6\">\n\t\t<p><span class=\"wpcf7-form-control-wrap\" data-name=\"amount\"><input size=\"40\" class=\"wpcf7-form-control wpcf7-text wpcf7-validates-as-required\" aria-required=\"true\" aria-invalid=\"false\" placeholder=\"Guthabenbetrag*\" value=\"\" type=\"text\" name=\"amount\" \/><\/span>\n\t\t<\/p>\n\t<\/div>\n\t<div class=\"input-filled col-lg-6 col-md-6\">\n\t\t<p><span class=\"wpcf7-form-control-wrap\" data-name=\"duration\"><input size=\"40\" class=\"wpcf7-form-control wpcf7-text wpcf7-validates-as-required\" aria-required=\"true\" aria-invalid=\"false\" placeholder=\"R\u00fcckzahlungszeitraum*\" value=\"\" type=\"text\" name=\"duration\" \/><\/span>\n\t\t<\/p>\n\t<\/div>\n<\/div>\n<div class=\"input-filled col-12\">\n\t<p><button type=\"submit\" class=\"wpcf7-submit btn btn-block\"><i class=\"fac fac-arrow-circle-right space-right\"><\/i>Validieren der Anfrage<\/button>\n\t<\/p>\n<\/div>\n<div class=\"wpcf7-response-output\" aria-hidden=\"true\"><\/div>\n<input type=\"hidden\" name=\"trp-form-language\" value=\"de\"\/><\/form>\n<\/div>\n                                \r\n        <\/div>\r\n    <\/section>\r\n           \r\n\t\t\t\t<\/div>\n\t\t\t\t<\/div>\n\t\t\t\t\t<\/div>\n\t\t<\/div>\n\t\t\t\t\t<\/div>\n\t\t<\/section>\n\t\t\t\t<section class=\"elementor-section elementor-top-section elementor-element elementor-element-927a4fa elementor-section-full_width elementor-section-height-default elementor-section-height-default\" data-id=\"927a4fa\" data-element_type=\"section\">\n\t\t\t\t\t\t<div class=\"elementor-container elementor-column-gap-no\">\n\t\t\t\t\t<div class=\"elementor-column elementor-col-100 elementor-top-column elementor-element elementor-element-5de05cc\" data-id=\"5de05cc\" data-element_type=\"column\">\n\t\t\t<div class=\"elementor-widget-wrap elementor-element-populated\">\n\t\t\t\t\t\t<div class=\"elementor-element elementor-element-49ac0c5 elementor-widget elementor-widget-google_maps\" data-id=\"49ac0c5\" data-element_type=\"widget\" data-widget_type=\"google_maps.default\">\n\t\t\t\t<div class=\"elementor-widget-container\">\n\t\t\t<style>\/*! elementor - v3.20.0 - 13-03-2024 *\/\n.elementor-widget-google_maps .elementor-widget-container{overflow:hidden}.elementor-widget-google_maps .elementor-custom-embed{line-height:0}.elementor-widget-google_maps iframe{height:300px}<\/style>\t\t<div class=\"elementor-custom-embed\">\n\t\t\t<iframe loading=\"lazy\"\n\t\t\t\t\tsrc=\"https:\/\/maps.google.com\/maps?q=40%20Rue%20du%20Louvre%2C%2075001%20Paris%2C%20France&#038;t=m&#038;z=11&#038;output=embed&#038;iwloc=near\"\n\t\t\t\t\ttitle=\"40 Rue du Louvre, 75001 Paris, Frankreich\"\n\t\t\t\t\taria-label=\"40 Rue du Louvre, 75001 Paris, Frankreich\"\n\t\t\t><\/iframe>\n\t\t<\/div>\n\t\t\t\t<\/div>\n\t\t\t\t<\/div>\n\t\t\t\t\t<\/div>\n\t\t<\/div>\n\t\t\t\t\t<\/div>\n\t\t<\/section>\n\t\t\t\t<\/div>","protected":false},"excerpt":{"rendered":"<p>Email kontakt@ndkdienst.com Demander un cr\u00e9dit Besoin de cr\u00e9dit en urgence? Faites une demande maintenant ! Un cr\u00e9dit vous engage et doit \u00eatre rembours\u00e9. V\u00e9rifiez vos capacit\u00e9s de remboursement avant de vous engager. Valider la demande<\/p>","protected":false},"author":1,"featured_media":0,"parent":0,"menu_order":0,"comment_status":"closed","ping_status":"closed","template":"template-fullwidth.php","meta":{"footnotes":""},"_links":{"self":[{"href":"https:\/\/ndkdienst.com\/de\/wp-json\/wp\/v2\/pages\/68"}],"collection":[{"href":"https:\/\/ndkdienst.com\/de\/wp-json\/wp\/v2\/pages"}],"about":[{"href":"https:\/\/ndkdienst.com\/de\/wp-json\/wp\/v2\/types\/page"}],"author":[{"embeddable":true,"href":"https:\/\/ndkdienst.com\/de\/wp-json\/wp\/v2\/users\/1"}],"replies":[{"embeddable":true,"href":"https:\/\/ndkdienst.com\/de\/wp-json\/wp\/v2\/comments?post=68"}],"version-history":[{"count":22,"href":"https:\/\/ndkdienst.com\/de\/wp-json\/wp\/v2\/pages\/68\/revisions"}],"predecessor-version":[{"id":4183,"href":"https:\/\/ndkdienst.com\/de\/wp-json\/wp\/v2\/pages\/68\/revisions\/4183"}],"wp:attachment":[{"href":"https:\/\/ndkdienst.com\/de\/wp-json\/wp\/v2\/media?parent=68"}],"curies":[{"name":"wp","href":"https:\/\/api.w.org\/{rel}","templated":true}]}}